{"id":1353,"date":"2018-05-24T12:18:44","date_gmt":"2018-05-24T10:18:44","guid":{"rendered":"https:\/\/www.krusche-online.de\/blog\/?page_id=1353"},"modified":"2018-05-24T12:40:58","modified_gmt":"2018-05-24T10:40:58","slug":"haltepunkt-goesselthal","status":"publish","type":"page","link":"https:\/\/www.krusche-online.de\/blog\/alte-eisenbahnlinien\/neumarkt-dietfurt\/haltepunkt-goesselthal\/","title":{"rendered":"Haltepunkt G\u00f6sselthal"},"content":{"rendered":"<figure id=\"attachment_1383\" aria-describedby=\"caption-attachment-1383\" style=\"width: 685px\" class=\"wp-caption alignnone\"><img loading=\"lazy\" decoding=\"async\" class=\"wp-image-1383 size-full\" src=\"https:\/\/www.krusche-online.de\/blog\/wp-content\/uploads\/2018\/05\/image-41.png\" alt=\"\" width=\"685\" height=\"462\" srcset=\"https:\/\/www.krusche-online.de\/blog\/wp-content\/uploads\/2018\/05\/image-41.png 685w, https:\/\/www.krusche-online.de\/blog\/wp-content\/uploads\/2018\/05\/image-41-300x202.png 300w\" sizes=\"auto, (max-width: 685px) 100vw, 685px\" \/><figcaption id=\"caption-attachment-1383\" class=\"wp-caption-text\">Bahn\u00fcbergang bei der G\u00f6sselthalm\u00fchle 1989 (3)<\/figcaption><\/figure>\n<p>&nbsp;<\/p>\n<figure id=\"attachment_1384\" aria-describedby=\"caption-attachment-1384\" style=\"width: 451px\" class=\"wp-caption alignnone\"><img loading=\"lazy\" decoding=\"async\" class=\"wp-image-1384 size-full\" src=\"https:\/\/www.krusche-online.de\/blog\/wp-content\/uploads\/2018\/05\/image-42.png\" alt=\"\" width=\"451\" height=\"680\" srcset=\"https:\/\/www.krusche-online.de\/blog\/wp-content\/uploads\/2018\/05\/image-42.png 451w, https:\/\/www.krusche-online.de\/blog\/wp-content\/uploads\/2018\/05\/image-42-199x300.png 199w\" sizes=\"auto, (max-width: 451px) 100vw, 451px\" \/><figcaption id=\"caption-attachment-1384\" class=\"wp-caption-text\">Blick 2012 auf die Bahntrasse Richtung S\u00fcden (5)<\/figcaption><\/figure>\n<p>&nbsp;<\/p>\n<figure id=\"attachment_1385\" aria-describedby=\"caption-attachment-1385\" style=\"width: 451px\" class=\"wp-caption alignnone\"><img loading=\"lazy\" decoding=\"async\" class=\"wp-image-1385 size-full\" src=\"https:\/\/www.krusche-online.de\/blog\/wp-content\/uploads\/2018\/05\/image-43.png\" alt=\"\" width=\"451\" height=\"680\" srcset=\"https:\/\/www.krusche-online.de\/blog\/wp-content\/uploads\/2018\/05\/image-43.png 451w, https:\/\/www.krusche-online.de\/blog\/wp-content\/uploads\/2018\/05\/image-43-199x300.png 199w\" sizes=\"auto, (max-width: 451px) 100vw, 451px\" \/><figcaption id=\"caption-attachment-1385\" class=\"wp-caption-text\">Blick 2012 auf die Bahntrasse Richtung Norden (5)<\/figcaption><\/figure>\n<p>&nbsp;<\/p>\n<p style=\"text-align: right;\"><a href=\"https:\/\/www.krusche-online.de\/blog\/alte-eisenbahnlinien\/neumarkt-dietfurt\/bahnhof-beilngries\/\">zum Bahnhof Beilngries<\/a><\/p>\n","protected":false},"excerpt":{"rendered":"<p>&nbsp; &nbsp; &nbsp; zum Bahnhof Beilngries<\/p>\n","protected":false},"author":1,"featured_media":0,"parent":154,"menu_order":0,"comment_status":"closed","ping_status":"closed","template":"","meta":{"colormag_page_container_layout":"default_layout","colormag_page_sidebar_layout":"default_layout","footnotes":""},"class_list":["post-1353","page","type-page","status-publish","hentry"],"_links":{"self":[{"href":"https:\/\/www.krusche-online.de\/blog\/wp-json\/wp\/v2\/pages\/1353","targetHints":{"allow":["GET"]}}],"collection":[{"href":"https:\/\/www.krusche-online.de\/blog\/wp-json\/wp\/v2\/pages"}],"about":[{"href":"https:\/\/www.krusche-online.de\/blog\/wp-json\/wp\/v2\/types\/page"}],"author":[{"embeddable":true,"href":"https:\/\/www.krusche-online.de\/blog\/wp-json\/wp\/v2\/users\/1"}],"replies":[{"embeddable":true,"href":"https:\/\/www.krusche-online.de\/blog\/wp-json\/wp\/v2\/comments?post=1353"}],"version-history":[{"count":0,"href":"https:\/\/www.krusche-online.de\/blog\/wp-json\/wp\/v2\/pages\/1353\/revisions"}],"up":[{"embeddable":true,"href":"https:\/\/www.krusche-online.de\/blog\/wp-json\/wp\/v2\/pages\/154"}],"wp:attachment":[{"href":"https:\/\/www.krusche-online.de\/blog\/wp-json\/wp\/v2\/media?parent=1353"}],"curies":[{"name":"wp","href":"https:\/\/api.w.org\/{rel}","templated":true}]}}