{"id":166,"date":"2016-04-03T01:05:40","date_gmt":"2016-04-02T23:05:40","guid":{"rendered":"https:\/\/www.krusche-online.de\/blog\/?page_id=166"},"modified":"2016-04-14T19:55:19","modified_gmt":"2016-04-14T17:55:19","slug":"beilngries","status":"publish","type":"page","link":"https:\/\/www.krusche-online.de\/blog\/heimat\/beilngries\/","title":{"rendered":"Beilngries"},"content":{"rendered":"<p>Im Jahr 1007 wurde Beilngries als \u201eBilingriez\u201c erstmals urkundlich erw\u00e4hnt. Der zum Bistum Eichst\u00e4tt geh\u00f6rende Ort erhielt auf Veranlassung des Bischofs und sp\u00e4teren Papstes Viktor II. 1053 Markt- und Zollrecht. Um 1300 wurde die Kirche St. Walburga vollendet, die Stadt erhielt im Sp\u00e4tmittelalter eine Befestigung mit Mauer und Graben, die im Bauernkrieg die Zerst\u00f6rung der Stadt verhinderten.<\/p>\n<p>W\u00e4hrend der Hexenverfolgung im Hochstift Eichst\u00e4tt wurden mindestens zwei Frauen aus Beilngries als vermeintliche Hexen angeklagt und 1623 bzw. 1625 zum Tode verurteilt.<\/p>\n<p>1633 ergab sich die Stadt kampflos den Truppen Bernhards von Weimar. 1802 dankte der letzte Eichst\u00e4tter F\u00fcrstbischof ab und Beilngries wurde von bayerischen Truppen besetzt. Unter bayerischer Verwaltung wurde Beilngries Sitz eines Landgerichts, aus dem nach 1862 das Bezirksamt, 1939 der Landkreis Beilngries hervorging. Der Ludwig-Donau-Main-Kanal wurde 1846 er\u00f6ffnet und diente Beilngries haupts\u00e4chlich f\u00fcr den Holz- und Viehhandel.<\/p>\n<p>Eine Sehensw\u00fcrdigkeit im Stadtgebiet befindet sich im Ortsteil Kottingw\u00f6rth: In einer Kapelle im Turmuntergeschoss der Kirche St. Vitus ist ein hervorragender Zyklus mittelalterlicher Wandmalereien erhalten. Dargestellt sind unter anderem das J\u00fcngste Gericht sowie verschiedene Heiligenlegenden.<\/p>\n<p>Auf einer Anh\u00f6he oberhalb der Stadt Beilngries liegt das Schloss Hirschberg. Es wurde im 20. Jahrhundert zum Bistumshaus umgestaltet, unter anderem durch Erweiterungsbauten wie eine von Alexander von Branca entworfene Kapelle. Karljosef Schattner baute 1987\u20131992 den Neubau.<br \/>\nIn Beilngries befindet sich die neubarocke katholische Stadtpfarrkirche St. Walburga, die nach Abriss der Vorg\u00e4ngerkirche in den Jahren 1912 bis 1913 nach Pl\u00e4nen des M\u00fcnchener Architekten Wilhelm Spannagel neu erbaut wurde.[7] Der n\u00f6rdliche Turm ist mittelalterlich und wurde im 16. Jahrhundert erh\u00f6ht. Die beiden 50 Meter hohen T\u00fcrme sind mit buntglasierten Ziegeln gedeckt. In den Seitenw\u00e4nden befinden sich gro\u00dfe Radfenster. Die Vorhalle verf\u00fcgt \u00fcber Arkaden. In der Kirche steht eine Bittner-Orgel von 1913.<\/p>\n<p>Die Frauenkirche wurde im Jahr 1683 errichtet. 1753 wurde sie durch einen Neubau von Mauritio Pedetti erheblich vergr\u00f6\u00dfert.<\/p>\n<p>Die ehemalige Franziskaner-Klosterkirche St. Trinitas wurde von 1725 bis 1736 erbaut.<\/p>\n<p>Die gotische katholische Gottesackerkirche St. Lucia (B\u00fchlkirche) war urspr\u00fcnglich eine von 1469 bis 1576 erbaute Pfarrkirche, die im Jahr 1740 barockisiert wurde. Seit 1995 ist sie wieder mit einem neugotischen Hauptaltar ausgestattet.<\/p>\n<p>Die katholische Kapelle St. Johann befindet sich auf dem Friedhof der Stadt. Sie wurde 1496 erbaut und birgt ein Ged\u00e4chtnisbuch f\u00fcr die Gefallenen und Vermissten der Stadt.<\/p>\n<p>Die Herrgottswieskapelle in der Kelheimer Stra\u00dfe ist mit einem neuen Passionsbild Heiland an der Gei\u00dfels\u00e4ule und einem Spruchband auf Blechtafeln aus dem 18. Jahrhundert ausgestattet. Einst war diese Kirche eine Station der barocken Beilngrieser Karfreitagsprozession. Eine Original-Plastik von Jesus an der Gei\u00dfels\u00e4ule steht jetzt in der Frauenkirche.<\/p>\n<p>Am Sportgel\u00e4nde der Stadt steht die Kapelle Seefigur von etwa 1700, die ein neues Maria-Himmelfahrt-Bild besitzt.<\/p>\n<p>Von der Wehranlage ist eine Ringmauer um den Ort aus dem Mittelalter erhalten. Au\u00dferdem bestehen noch zwei viereckige T\u00fcrme und ein runder Turm.<\/p>\n<p>Mehrere H\u00e4user an der Hauptstra\u00dfe haben sehenswerte Fassaden und Treppengiebel, beispielsweise das Kaiserbeckhaus. Neben H\u00e4usern mit den typischen flach geneigten Kalkplattend\u00e4chern des Altm\u00fchl-Jurahauses finden sich im Zentrum auch Geb\u00e4ude mit steileren D\u00e4chern und Fachwerkh\u00e4user, wie sie h\u00e4ufig in Franken vorkommen.<\/p>\n<p>Das Beilngrieser Rathaus wurde in den Jahren 1740 bis 1742 nach Pl\u00e4nen von Gabriel de Gabrieli erbaut.<\/p>\n<p>(Quelle: Wikipedia)<\/p>\n<p>&nbsp;<\/p>\n<div id=\"metaslider-id-626\" style=\"max-width: 512px; margin: 0 auto;\" class=\"ml-slider-3-107-0 metaslider metaslider-flex metaslider-626 ml-slider has-dots-nav ms-theme-default\" role=\"region\" aria-label=\"Beilngries\" data-height=\"512\" data-width=\"512\">\n    <div id=\"metaslider_container_626\">\n        <div id=\"metaslider_626\" class=\"flexslider\">\n            <ul class='slides'>\n                <li style=\"display: block; width: 100%;\" class=\"slide-620 ms-image \" aria-roledescription=\"slide\" data-date=\"2016-04-08 17:32:54\" data-filename=\"DSC_2850.jpg\" data-slide-type=\"image\"><img loading=\"lazy\" decoding=\"async\" width=\"680\" height=\"1024\" src=\"https:\/\/www.krusche-online.de\/blog\/wp-content\/uploads\/2016\/04\/DSC_2850.jpg\" class=\"slider-626 slide-620 msDefaultImage\" alt=\"\" rel=\"\" title=\"\" style=\"margin: 0 auto; width: 66.40625%\" srcset=\"https:\/\/www.krusche-online.de\/blog\/wp-content\/uploads\/2016\/04\/DSC_2850.jpg 680w, https:\/\/www.krusche-online.de\/blog\/wp-content\/uploads\/2016\/04\/DSC_2850-199x300.jpg 199w\" sizes=\"auto, (max-width: 680px) 100vw, 680px\" \/><div class=\"caption-wrap\"><div class=\"caption\">Blick nach drau\u00dfen im Schlo\u00df Hirschberg<\/div><\/div><\/li>\n                <li style=\"display: none; width: 100%;\" class=\"slide-622 ms-image \" aria-roledescription=\"slide\" data-date=\"2016-04-08 17:32:57\" data-filename=\"DSC_3891.jpg\" data-slide-type=\"image\"><img loading=\"lazy\" decoding=\"async\" width=\"1280\" height=\"850\" src=\"https:\/\/www.krusche-online.de\/blog\/wp-content\/uploads\/2016\/04\/DSC_3891.jpg\" class=\"slider-626 slide-622 msDefaultImage\" alt=\"\" rel=\"\" title=\"\" style=\"margin-top: 16.796875%\" srcset=\"https:\/\/www.krusche-online.de\/blog\/wp-content\/uploads\/2016\/04\/DSC_3891.jpg 1280w, https:\/\/www.krusche-online.de\/blog\/wp-content\/uploads\/2016\/04\/DSC_3891-300x199.jpg 300w, https:\/\/www.krusche-online.de\/blog\/wp-content\/uploads\/2016\/04\/DSC_3891-768x510.jpg 768w, https:\/\/www.krusche-online.de\/blog\/wp-content\/uploads\/2016\/04\/DSC_3891-1024x680.jpg 1024w\" sizes=\"auto, (max-width: 1280px) 100vw, 1280px\" \/><div class=\"caption-wrap\"><div class=\"caption\">Der alte Bahnhof<\/div><\/div><\/li>\n                <li style=\"display: none; width: 100%;\" class=\"slide-621 ms-image \" aria-roledescription=\"slide\" data-date=\"2016-04-08 17:32:55\" data-filename=\"DSC_2853.jpg\" data-slide-type=\"image\"><img loading=\"lazy\" decoding=\"async\" width=\"1280\" height=\"850\" src=\"https:\/\/www.krusche-online.de\/blog\/wp-content\/uploads\/2016\/04\/DSC_2853.jpg\" class=\"slider-626 slide-621 msDefaultImage\" alt=\"\" rel=\"\" title=\"\" style=\"margin-top: 16.796875%\" srcset=\"https:\/\/www.krusche-online.de\/blog\/wp-content\/uploads\/2016\/04\/DSC_2853.jpg 1280w, https:\/\/www.krusche-online.de\/blog\/wp-content\/uploads\/2016\/04\/DSC_2853-300x199.jpg 300w, https:\/\/www.krusche-online.de\/blog\/wp-content\/uploads\/2016\/04\/DSC_2853-768x510.jpg 768w, https:\/\/www.krusche-online.de\/blog\/wp-content\/uploads\/2016\/04\/DSC_2853-1024x680.jpg 1024w\" sizes=\"auto, (max-width: 1280px) 100vw, 1280px\" \/><div class=\"caption-wrap\"><div class=\"caption\">Die neue Schlo\u00dfkirche<\/div><\/div><\/li>\n                <li style=\"display: none; width: 100%;\" class=\"slide-619 ms-image \" aria-roledescription=\"slide\" data-date=\"2016-04-08 17:32:53\" data-filename=\"DSC_2831.jpg\" data-slide-type=\"image\"><img loading=\"lazy\" decoding=\"async\" width=\"1280\" height=\"850\" src=\"https:\/\/www.krusche-online.de\/blog\/wp-content\/uploads\/2016\/04\/DSC_2831.jpg\" class=\"slider-626 slide-619 msDefaultImage\" alt=\"\" rel=\"\" title=\"\" style=\"margin-top: 16.796875%\" srcset=\"https:\/\/www.krusche-online.de\/blog\/wp-content\/uploads\/2016\/04\/DSC_2831.jpg 1280w, https:\/\/www.krusche-online.de\/blog\/wp-content\/uploads\/2016\/04\/DSC_2831-300x199.jpg 300w, https:\/\/www.krusche-online.de\/blog\/wp-content\/uploads\/2016\/04\/DSC_2831-768x510.jpg 768w, https:\/\/www.krusche-online.de\/blog\/wp-content\/uploads\/2016\/04\/DSC_2831-1024x680.jpg 1024w\" sizes=\"auto, (max-width: 1280px) 100vw, 1280px\" \/><div class=\"caption-wrap\"><div class=\"caption\">Schlo\u00df Hirschberg<\/div><\/div><\/li>\n                <li style=\"display: none; width: 100%;\" class=\"slide-618 ms-image \" aria-roledescription=\"slide\" data-date=\"2016-04-08 17:32:52\" data-filename=\"DSC_0101.jpg\" data-slide-type=\"image\"><img loading=\"lazy\" decoding=\"async\" width=\"680\" height=\"1024\" src=\"https:\/\/www.krusche-online.de\/blog\/wp-content\/uploads\/2016\/04\/DSC_0101.jpg\" class=\"slider-626 slide-618 msDefaultImage\" alt=\"\" rel=\"\" title=\"\" style=\"margin: 0 auto; width: 66.40625%\" srcset=\"https:\/\/www.krusche-online.de\/blog\/wp-content\/uploads\/2016\/04\/DSC_0101.jpg 680w, https:\/\/www.krusche-online.de\/blog\/wp-content\/uploads\/2016\/04\/DSC_0101-199x300.jpg 199w\" sizes=\"auto, (max-width: 680px) 100vw, 680px\" \/><div class=\"caption-wrap\"><div class=\"caption\">Die Stadtkirche<\/div><\/div><\/li>\n                <li style=\"display: none; width: 100%;\" class=\"slide-617 ms-image \" aria-roledescription=\"slide\" data-date=\"2016-04-08 17:32:51\" data-filename=\"DSC_0100.jpg\" data-slide-type=\"image\"><img loading=\"lazy\" decoding=\"async\" width=\"680\" height=\"1024\" src=\"https:\/\/www.krusche-online.de\/blog\/wp-content\/uploads\/2016\/04\/DSC_0100.jpg\" class=\"slider-626 slide-617 msDefaultImage\" alt=\"\" rel=\"\" title=\"\" style=\"margin: 0 auto; width: 66.40625%\" srcset=\"https:\/\/www.krusche-online.de\/blog\/wp-content\/uploads\/2016\/04\/DSC_0100.jpg 680w, https:\/\/www.krusche-online.de\/blog\/wp-content\/uploads\/2016\/04\/DSC_0100-199x300.jpg 199w\" sizes=\"auto, (max-width: 680px) 100vw, 680px\" \/><div class=\"caption-wrap\"><div class=\"caption\">Stadtansicht<\/div><\/div><\/li>\n                <li style=\"display: none; width: 100%;\" class=\"slide-616 ms-image \" aria-roledescription=\"slide\" data-date=\"2016-04-08 17:32:50\" data-filename=\"DSC_0094.jpg\" data-slide-type=\"image\"><img loading=\"lazy\" decoding=\"async\" width=\"1280\" height=\"850\" src=\"https:\/\/www.krusche-online.de\/blog\/wp-content\/uploads\/2016\/04\/DSC_0094.jpg\" class=\"slider-626 slide-616 msDefaultImage\" alt=\"\" rel=\"\" title=\"\" style=\"margin-top: 16.796875%\" srcset=\"https:\/\/www.krusche-online.de\/blog\/wp-content\/uploads\/2016\/04\/DSC_0094.jpg 1280w, https:\/\/www.krusche-online.de\/blog\/wp-content\/uploads\/2016\/04\/DSC_0094-300x199.jpg 300w, https:\/\/www.krusche-online.de\/blog\/wp-content\/uploads\/2016\/04\/DSC_0094-768x510.jpg 768w, https:\/\/www.krusche-online.de\/blog\/wp-content\/uploads\/2016\/04\/DSC_0094-1024x680.jpg 1024w\" sizes=\"auto, (max-width: 1280px) 100vw, 1280px\" \/><div class=\"caption-wrap\"><div class=\"caption\">Die Wasserscheide am Kanal<\/div><\/div><\/li>\n            <\/ul>\n        <\/div>\n        \n    <\/div>\n<\/div>\n","protected":false},"excerpt":{"rendered":"<p>Im Jahr 1007 wurde Beilngries als \u201eBilingriez\u201c erstmals urkundlich erw\u00e4hnt. Der zum Bistum Eichst\u00e4tt geh\u00f6rende Ort erhielt auf Veranlassung des<\/p>\n","protected":false},"author":1,"featured_media":0,"parent":41,"menu_order":0,"comment_status":"closed","ping_status":"closed","template":"","meta":{"colormag_page_container_layout":"default_layout","colormag_page_sidebar_layout":"default_layout","footnotes":""},"class_list":["post-166","page","type-page","status-publish","hentry"],"_links":{"self":[{"href":"https:\/\/www.krusche-online.de\/blog\/wp-json\/wp\/v2\/pages\/166","targetHints":{"allow":["GET"]}}],"collection":[{"href":"https:\/\/www.krusche-online.de\/blog\/wp-json\/wp\/v2\/pages"}],"about":[{"href":"https:\/\/www.krusche-online.de\/blog\/wp-json\/wp\/v2\/types\/page"}],"author":[{"embeddable":true,"href":"https:\/\/www.krusche-online.de\/blog\/wp-json\/wp\/v2\/users\/1"}],"replies":[{"embeddable":true,"href":"https:\/\/www.krusche-online.de\/blog\/wp-json\/wp\/v2\/comments?post=166"}],"version-history":[{"count":0,"href":"https:\/\/www.krusche-online.de\/blog\/wp-json\/wp\/v2\/pages\/166\/revisions"}],"up":[{"embeddable":true,"href":"https:\/\/www.krusche-online.de\/blog\/wp-json\/wp\/v2\/pages\/41"}],"wp:attachment":[{"href":"https:\/\/www.krusche-online.de\/blog\/wp-json\/wp\/v2\/media?parent=166"}],"curies":[{"name":"wp","href":"https:\/\/api.w.org\/{rel}","templated":true}]}}