{"id":170,"date":"2016-04-03T07:20:12","date_gmt":"2016-04-03T05:20:12","guid":{"rendered":"https:\/\/www.krusche-online.de\/blog\/?page_id=170"},"modified":"2016-04-14T20:13:38","modified_gmt":"2016-04-14T18:13:38","slug":"berching","status":"publish","type":"page","link":"https:\/\/www.krusche-online.de\/blog\/heimat\/berching\/","title":{"rendered":"Berching"},"content":{"rendered":"<p>Die \u00e4ltesten Zeugnisse einer menschlichen Besiedelung der Region Berching reichen bis in die Jungsteinzeit (5000 v. Chr.) zur\u00fcck. Siedlungsreste aus der Urnenfelderzeit, Funde aus der Hallstatt- und Lat\u00e8nezeit, die sp\u00e4tkeltische Siedlung in Berching\/Pollanten sowie ein ebenfalls in Pollanten aufgedecktes germanisches Gr\u00e4berfeld aus dem 2. Jahrhundert nach Christus belegen dar\u00fcber hinaus die Siedlungskontinuit\u00e4t in diesem Raum.<br \/>\nUrkundlich erw\u00e4hnt wurde Berching als \u201ePirihinga\u201c erstmals in einer Urkunde von Kaiser Karl III. im Jahr 883. Der Name deutet auf eine bajuwarische Gr\u00fcndung in der Zeit vom 6. bis 8. Jahrhundert hin. Noch vor 912 gelangte die Ansiedlung in den Besitz der Eichst\u00e4tter Bisch\u00f6fe. Unter deren Herrschaft entwickelte sich Berching bald zu einem bedeutenden \u00c4mterzentrum. 1296 wurde Berching erstmals als \u201eoppidum\u201c (befestigter Ort) bezeichnet und nur wenige Jahre sp\u00e4ter (1314) als \u201ecivitas\u201c (Stadt) genannt. Unter Bischof Wilhelm von Reichenau (1464\u20131496) wurden die Befestigungsanlagen erneuert und die Stadtmauer mit ihren 13 T\u00fcrmen und 4 Toren in der vollst\u00e4ndig erhaltenen Form ausgebaut.<\/p>\n<p>Schon vor 1245 war dem Ort das Marktrecht verliehen worden. Wohlt\u00e4tige Stiftungen, die beiden gro\u00dfen Kirchen und zahlreiche imposante B\u00fcrgerh\u00e4user zeugen vom Reichtum der Stadt. Namentlich die Familien Pettenkofer und Rumpf, im Weinhandel zu Wohlstand gelangt, waren im 17. und 18. Jahrhundert gro\u00dfz\u00fcgige M\u00e4zene ihrer Heimatstadt.<\/p>\n<p>W\u00e4hrend der Hexenverfolgung im Hochstift Eichst\u00e4tt wurden mindestens zwei Frauen aus Berching als vermeintliche Hexen angeklagt und 1618 zum Tode verurteilt.<br \/>\nBeinahe 900 Jahre hatte Berching unter der Herrschaft der Eichst\u00e4tter Bisch\u00f6fe gestanden, als 1802\/03 nach den napoleonischen Kriegen das Hochstift Eichst\u00e4tt s\u00e4kularisiert und die weltliche Herrschaft der Bisch\u00f6fe beendet wurde. Nach einer kurzen Zugeh\u00f6rigkeit zum Kurf\u00fcrstentum Salzburg wurde Berching 1806 bayerisch. Mit der \u00dcbernahme der Verwaltung durch die bayerischen Beh\u00f6rden verlor Berching seine bisherige Stellung als wichtiges Verwaltungszentrum. Erst nach jahrelangen hartn\u00e4ckigen Bem\u00fchungen konnten die Ratsherren 1822 einen regelm\u00e4\u00dfigen Viehmarkt und 1842 eine w\u00f6chentliche Getreideschranne nach Berching holen. Der Bau des Ludwig-Donau-Main-Kanals 1846 und der 1987 stillgelegten Lokalbahnstrecke Neumarkt \u2013 Berching \u2013 Beilngries (1888) brachten zwar wirtschaftliche Impulse, das g\u00e4nzliche Fehlen von Beh\u00f6rden und Einrichtungen mit zentraler Funktion f\u00fchrte jedoch zu einer anhaltenden Stagnation in Berchings weiterer Entwicklung. 1902\/03 wurde im Rachental das Stiftungskrankenhaus gebaut.<\/p>\n<p>(Quelle: Wikipedia)<\/p>\n<p>&nbsp;<\/p>\n<div id=\"metaslider-id-734\" style=\"max-width: 512px; margin: 0 auto;\" class=\"ml-slider-3-108-0 metaslider metaslider-flex metaslider-734 ml-slider has-dots-nav ms-theme-default\" role=\"region\" aria-label=\"Berching\" data-height=\"512\" data-width=\"512\">\n    <div id=\"metaslider_container_734\">\n        <div id=\"metaslider_734\" class=\"flexslider\">\n            <ul class='slides'>\n                <li style=\"display: block; width: 100%;\" class=\"slide-735 ms-image \" aria-roledescription=\"slide\" data-date=\"2016-04-14 19:12:45\" data-filename=\"IMG_0175.jpg\" data-slide-type=\"image\"><img loading=\"lazy\" decoding=\"async\" width=\"768\" height=\"1024\" src=\"https:\/\/www.krusche-online.de\/blog\/wp-content\/uploads\/2016\/04\/IMG_0175.jpg\" class=\"slider-734 slide-735 msDefaultImage\" alt=\"\" rel=\"\" title=\"\" style=\"margin: 0 auto; width: 75%\" srcset=\"https:\/\/www.krusche-online.de\/blog\/wp-content\/uploads\/2016\/04\/IMG_0175.jpg 768w, https:\/\/www.krusche-online.de\/blog\/wp-content\/uploads\/2016\/04\/IMG_0175-225x300.jpg 225w, https:\/\/www.krusche-online.de\/blog\/wp-content\/uploads\/2016\/04\/IMG_0175-203x270.jpg 203w\" sizes=\"auto, (max-width: 768px) 100vw, 768px\" \/><div class=\"caption-wrap\"><div class=\"caption\">An der Stadtmauer<\/div><\/div><\/li>\n                <li style=\"display: none; width: 100%;\" class=\"slide-736 ms-image \" aria-roledescription=\"slide\" data-date=\"2016-04-14 19:12:46\" data-filename=\"IMG_2333.jpg\" data-slide-type=\"image\"><img loading=\"lazy\" decoding=\"async\" width=\"1280\" height=\"960\" src=\"https:\/\/www.krusche-online.de\/blog\/wp-content\/uploads\/2016\/04\/IMG_2333.jpg\" class=\"slider-734 slide-736 msDefaultImage\" alt=\"\" rel=\"\" title=\"\" style=\"margin-top: 12.5%\" srcset=\"https:\/\/www.krusche-online.de\/blog\/wp-content\/uploads\/2016\/04\/IMG_2333.jpg 1280w, https:\/\/www.krusche-online.de\/blog\/wp-content\/uploads\/2016\/04\/IMG_2333-300x225.jpg 300w, https:\/\/www.krusche-online.de\/blog\/wp-content\/uploads\/2016\/04\/IMG_2333-768x576.jpg 768w, https:\/\/www.krusche-online.de\/blog\/wp-content\/uploads\/2016\/04\/IMG_2333-1024x768.jpg 1024w, https:\/\/www.krusche-online.de\/blog\/wp-content\/uploads\/2016\/04\/IMG_2333-360x270.jpg 360w\" sizes=\"auto, (max-width: 1280px) 100vw, 1280px\" \/><\/li>\n                <li style=\"display: none; width: 100%;\" class=\"slide-737 ms-image \" aria-roledescription=\"slide\" data-date=\"2016-04-14 19:12:48\" data-filename=\"IMG_2337.jpg\" data-slide-type=\"image\"><img loading=\"lazy\" decoding=\"async\" width=\"768\" height=\"1024\" src=\"https:\/\/www.krusche-online.de\/blog\/wp-content\/uploads\/2016\/04\/IMG_2337.jpg\" class=\"slider-734 slide-737 msDefaultImage\" alt=\"\" rel=\"\" title=\"\" style=\"margin: 0 auto; width: 75%\" srcset=\"https:\/\/www.krusche-online.de\/blog\/wp-content\/uploads\/2016\/04\/IMG_2337.jpg 768w, https:\/\/www.krusche-online.de\/blog\/wp-content\/uploads\/2016\/04\/IMG_2337-225x300.jpg 225w, https:\/\/www.krusche-online.de\/blog\/wp-content\/uploads\/2016\/04\/IMG_2337-203x270.jpg 203w\" sizes=\"auto, (max-width: 768px) 100vw, 768px\" \/><\/li>\n                <li style=\"display: none; width: 100%;\" class=\"slide-738 ms-image \" aria-roledescription=\"slide\" data-date=\"2016-04-14 19:12:49\" data-filename=\"IMG_2345.jpg\" data-slide-type=\"image\"><img loading=\"lazy\" decoding=\"async\" width=\"1280\" height=\"960\" src=\"https:\/\/www.krusche-online.de\/blog\/wp-content\/uploads\/2016\/04\/IMG_2345.jpg\" class=\"slider-734 slide-738 msDefaultImage\" alt=\"\" rel=\"\" title=\"\" style=\"margin-top: 12.5%\" srcset=\"https:\/\/www.krusche-online.de\/blog\/wp-content\/uploads\/2016\/04\/IMG_2345.jpg 1280w, https:\/\/www.krusche-online.de\/blog\/wp-content\/uploads\/2016\/04\/IMG_2345-300x225.jpg 300w, https:\/\/www.krusche-online.de\/blog\/wp-content\/uploads\/2016\/04\/IMG_2345-768x576.jpg 768w, https:\/\/www.krusche-online.de\/blog\/wp-content\/uploads\/2016\/04\/IMG_2345-1024x768.jpg 1024w, https:\/\/www.krusche-online.de\/blog\/wp-content\/uploads\/2016\/04\/IMG_2345-360x270.jpg 360w\" sizes=\"auto, (max-width: 1280px) 100vw, 1280px\" \/><div class=\"caption-wrap\"><div class=\"caption\">Das Neumarkter Tor<\/div><\/div><\/li>\n                <li style=\"display: none; width: 100%;\" class=\"slide-739 ms-image \" aria-roledescription=\"slide\" data-date=\"2016-04-14 19:12:50\" data-filename=\"IMG_2346.jpg\" data-slide-type=\"image\"><img loading=\"lazy\" decoding=\"async\" width=\"1280\" height=\"960\" src=\"https:\/\/www.krusche-online.de\/blog\/wp-content\/uploads\/2016\/04\/IMG_2346.jpg\" class=\"slider-734 slide-739 msDefaultImage\" alt=\"\" rel=\"\" title=\"\" style=\"margin-top: 12.5%\" srcset=\"https:\/\/www.krusche-online.de\/blog\/wp-content\/uploads\/2016\/04\/IMG_2346.jpg 1280w, https:\/\/www.krusche-online.de\/blog\/wp-content\/uploads\/2016\/04\/IMG_2346-300x225.jpg 300w, https:\/\/www.krusche-online.de\/blog\/wp-content\/uploads\/2016\/04\/IMG_2346-768x576.jpg 768w, https:\/\/www.krusche-online.de\/blog\/wp-content\/uploads\/2016\/04\/IMG_2346-1024x768.jpg 1024w, https:\/\/www.krusche-online.de\/blog\/wp-content\/uploads\/2016\/04\/IMG_2346-360x270.jpg 360w\" sizes=\"auto, (max-width: 1280px) 100vw, 1280px\" \/><div class=\"caption-wrap\"><div class=\"caption\">Der ehemalige Bahnhof<\/div><\/div><\/li>\n            <\/ul>\n        <\/div>\n        \n    <\/div>\n<\/div>\n","protected":false},"excerpt":{"rendered":"<p>Die \u00e4ltesten Zeugnisse einer menschlichen Besiedelung der Region Berching reichen bis in die Jungsteinzeit (5000 v. Chr.) zur\u00fcck. Siedlungsreste aus<\/p>\n","protected":false},"author":1,"featured_media":0,"parent":41,"menu_order":0,"comment_status":"closed","ping_status":"closed","template":"","meta":{"colormag_page_container_layout":"default_layout","colormag_page_sidebar_layout":"default_layout","footnotes":""},"class_list":["post-170","page","type-page","status-publish","hentry"],"_links":{"self":[{"href":"https:\/\/www.krusche-online.de\/blog\/wp-json\/wp\/v2\/pages\/170","targetHints":{"allow":["GET"]}}],"collection":[{"href":"https:\/\/www.krusche-online.de\/blog\/wp-json\/wp\/v2\/pages"}],"about":[{"href":"https:\/\/www.krusche-online.de\/blog\/wp-json\/wp\/v2\/types\/page"}],"author":[{"embeddable":true,"href":"https:\/\/www.krusche-online.de\/blog\/wp-json\/wp\/v2\/users\/1"}],"replies":[{"embeddable":true,"href":"https:\/\/www.krusche-online.de\/blog\/wp-json\/wp\/v2\/comments?post=170"}],"version-history":[{"count":0,"href":"https:\/\/www.krusche-online.de\/blog\/wp-json\/wp\/v2\/pages\/170\/revisions"}],"up":[{"embeddable":true,"href":"https:\/\/www.krusche-online.de\/blog\/wp-json\/wp\/v2\/pages\/41"}],"wp:attachment":[{"href":"https:\/\/www.krusche-online.de\/blog\/wp-json\/wp\/v2\/media?parent=170"}],"curies":[{"name":"wp","href":"https:\/\/api.w.org\/{rel}","templated":true}]}}