{"id":43,"date":"2016-04-02T07:10:00","date_gmt":"2016-04-02T05:10:00","guid":{"rendered":"http:\/\/www.krusche-online.de\/wordpress\/?page_id=43"},"modified":"2018-12-10T09:10:09","modified_gmt":"2018-12-10T08:10:09","slug":"deining","status":"publish","type":"page","link":"https:\/\/www.krusche-online.de\/blog\/heimat\/deining\/","title":{"rendered":"Deining"},"content":{"rendered":"<p>Nach meiner Jugendzeit in Neumarkt und einigen Jahren in Eggenfelden und Sengenthal wurde dann <a href=\"http:\/\/www.deining.de\" target=\"_blank\" rel=\"noopener\">Deining<\/a> meine neue Heimat.<\/p>\n<p>1072 erfolgte die erste urkundliche Erw\u00e4hnung durch Bischof Gundekar II. von Eichst\u00e4tt. Eine erneute Kirchenweihe erfolgte unter Bischof Otto von Eichst\u00e4tt (1182\u20131195).<\/p>\n<p>Die Freiherren von L\u00f6wenthal besa\u00dfen hier ab 1692 eine offene Hofmark; zuvor sa\u00dfen auf der Burg bzw. dem Schloss von Deining (seit dem 17. Jahrhundert ein einfacher zweigeschossiger Bau mit einem kleinen Turm auf der Ostseite) 1345 Hartung Schweppermann, im 15. und 16. Jahrhundert die Itlhofer und nach ihnen weitere Adelsfamilien. 1844 ging der Besitz an den Freiherrn von Gumppenberg-Oberbrennberg, sp\u00e4ter an die Familie von Gumppenberg \u00fcber.<\/p>\n<p>1733 wurde die heutige Kirche nach Pl\u00e4nen des Amberger Maurermeisters Georg Diller neu gebaut; 1749 war die Stuckierung vollendet.<\/p>\n<p>1796 unterlag in der Schlacht von Deining die Armee der franz\u00f6sischen Republik unter General Jean-Baptiste de Jourdan der kaiserlich \u00f6sterreichischen Armee unter Erzherzog Karl.<\/p>\n<p>Deining spielte im 17. und 18. Jahrhundert als Poststation eine wichtige Rolle. Ungef\u00e4hr in der Mitte zwischen N\u00fcrnberg und Regensburg gelegen, legten die kaiserlichen Postwagen in der Regel eine l\u00e4ngere Pause ein. An der Reichsposthalterei wechselten die Postillione ihre Pferde. So stieg zum Beispiel 1745 Kaiserin Maria Theresia auf dem Weg von Wien zur Kaiserkr\u00f6nung ihres Gemahls in Frankfurt in der \u201eAlten Post\u201c ab, um sich zu erfrischen.<\/p>\n<p>Deining geh\u00f6rte zum Rentamt Amberg und zum Landgericht Neumarkt des Kurf\u00fcrstentums Bayern. Im Zuge der Verwaltungsreformen in Bayern entstand mit dem Gemeindeedikt von 1818 die Gemeinde.<\/p>\n<p>Mit 29 Ortsteilen und knapp 72 km\u00b2 Gemeindegebiet weist die Gemeinde Deining die typischen Merkmale einer l\u00e4ndlichen Fl\u00e4chengemeinde auf.<\/p>\n<p>(Quelle: Wikipedia)<\/p>\n<div id=\"metaslider-id-784\" style=\"max-width: 512px; margin: 0 auto;\" class=\"ml-slider-3-108-0 metaslider metaslider-flex metaslider-784 ml-slider has-dots-nav ms-theme-default\" role=\"region\" aria-label=\"Deining\" data-height=\"512\" data-width=\"512\">\n    <div id=\"metaslider_container_784\">\n        <div id=\"metaslider_784\" class=\"flexslider\">\n            <ul class='slides'>\n                <li style=\"display: block; width: 100%;\" class=\"slide-609 ms-image \" aria-roledescription=\"slide\" data-date=\"2016-04-08 17:27:37\" data-filename=\"IMG_0167.jpg\" data-slide-type=\"image\"><img loading=\"lazy\" decoding=\"async\" width=\"1280\" height=\"960\" src=\"https:\/\/www.krusche-online.de\/blog\/wp-content\/uploads\/2016\/04\/IMG_0167.jpg\" class=\"slider-784 slide-609 msDefaultImage\" alt=\"\" rel=\"\" title=\"\" style=\"margin-top: 12.5%\" srcset=\"https:\/\/www.krusche-online.de\/blog\/wp-content\/uploads\/2016\/04\/IMG_0167.jpg 1280w, https:\/\/www.krusche-online.de\/blog\/wp-content\/uploads\/2016\/04\/IMG_0167-300x225.jpg 300w, https:\/\/www.krusche-online.de\/blog\/wp-content\/uploads\/2016\/04\/IMG_0167-768x576.jpg 768w, https:\/\/www.krusche-online.de\/blog\/wp-content\/uploads\/2016\/04\/IMG_0167-1024x768.jpg 1024w\" sizes=\"auto, (max-width: 1280px) 100vw, 1280px\" \/><\/li>\n                <li style=\"display: none; width: 100%;\" class=\"slide-610 ms-image \" aria-roledescription=\"slide\" data-date=\"2016-04-08 17:27:38\" data-filename=\"IMG_0169.jpg\" data-slide-type=\"image\"><img loading=\"lazy\" decoding=\"async\" width=\"1280\" height=\"960\" src=\"https:\/\/www.krusche-online.de\/blog\/wp-content\/uploads\/2016\/04\/IMG_0169.jpg\" class=\"slider-784 slide-610 msDefaultImage\" alt=\"\" rel=\"\" title=\"\" style=\"margin-top: 12.5%\" srcset=\"https:\/\/www.krusche-online.de\/blog\/wp-content\/uploads\/2016\/04\/IMG_0169.jpg 1280w, https:\/\/www.krusche-online.de\/blog\/wp-content\/uploads\/2016\/04\/IMG_0169-300x225.jpg 300w, https:\/\/www.krusche-online.de\/blog\/wp-content\/uploads\/2016\/04\/IMG_0169-768x576.jpg 768w, https:\/\/www.krusche-online.de\/blog\/wp-content\/uploads\/2016\/04\/IMG_0169-1024x768.jpg 1024w\" sizes=\"auto, (max-width: 1280px) 100vw, 1280px\" \/><\/li>\n                <li style=\"display: none; width: 100%;\" class=\"slide-611 ms-image \" aria-roledescription=\"slide\" data-date=\"2016-04-08 17:27:40\" data-filename=\"IMG_0171.jpg\" data-slide-type=\"image\"><img loading=\"lazy\" decoding=\"async\" width=\"768\" height=\"1024\" src=\"https:\/\/www.krusche-online.de\/blog\/wp-content\/uploads\/2016\/04\/IMG_0171.jpg\" class=\"slider-784 slide-611 msDefaultImage\" alt=\"\" rel=\"\" title=\"\" style=\"margin: 0 auto; width: 75%\" srcset=\"https:\/\/www.krusche-online.de\/blog\/wp-content\/uploads\/2016\/04\/IMG_0171.jpg 768w, https:\/\/www.krusche-online.de\/blog\/wp-content\/uploads\/2016\/04\/IMG_0171-225x300.jpg 225w\" sizes=\"auto, (max-width: 768px) 100vw, 768px\" \/><\/li>\n                <li style=\"display: none; width: 100%;\" class=\"slide-612 ms-image \" aria-roledescription=\"slide\" data-date=\"2016-04-08 17:27:41\" data-filename=\"IMG_2826.jpg\" data-slide-type=\"image\"><img loading=\"lazy\" decoding=\"async\" width=\"1280\" height=\"960\" src=\"https:\/\/www.krusche-online.de\/blog\/wp-content\/uploads\/2016\/04\/IMG_2826.jpg\" class=\"slider-784 slide-612 msDefaultImage\" alt=\"\" rel=\"\" title=\"\" style=\"margin-top: 12.5%\" srcset=\"https:\/\/www.krusche-online.de\/blog\/wp-content\/uploads\/2016\/04\/IMG_2826.jpg 1280w, https:\/\/www.krusche-online.de\/blog\/wp-content\/uploads\/2016\/04\/IMG_2826-300x225.jpg 300w, https:\/\/www.krusche-online.de\/blog\/wp-content\/uploads\/2016\/04\/IMG_2826-768x576.jpg 768w, https:\/\/www.krusche-online.de\/blog\/wp-content\/uploads\/2016\/04\/IMG_2826-1024x768.jpg 1024w\" sizes=\"auto, (max-width: 1280px) 100vw, 1280px\" \/><\/li>\n                <li style=\"display: none; width: 100%;\" class=\"slide-613 ms-image \" aria-roledescription=\"slide\" data-date=\"2016-04-08 17:27:42\" data-filename=\"IMG_2829.jpg\" data-slide-type=\"image\"><img loading=\"lazy\" decoding=\"async\" width=\"1280\" height=\"960\" src=\"https:\/\/www.krusche-online.de\/blog\/wp-content\/uploads\/2016\/04\/IMG_2829.jpg\" class=\"slider-784 slide-613 msDefaultImage\" alt=\"\" rel=\"\" title=\"\" style=\"margin-top: 12.5%\" srcset=\"https:\/\/www.krusche-online.de\/blog\/wp-content\/uploads\/2016\/04\/IMG_2829.jpg 1280w, https:\/\/www.krusche-online.de\/blog\/wp-content\/uploads\/2016\/04\/IMG_2829-300x225.jpg 300w, https:\/\/www.krusche-online.de\/blog\/wp-content\/uploads\/2016\/04\/IMG_2829-768x576.jpg 768w, https:\/\/www.krusche-online.de\/blog\/wp-content\/uploads\/2016\/04\/IMG_2829-1024x768.jpg 1024w\" sizes=\"auto, (max-width: 1280px) 100vw, 1280px\" \/><\/li>\n                <li style=\"display: none; width: 100%;\" class=\"slide-614 ms-image \" aria-roledescription=\"slide\" data-date=\"2016-04-08 17:27:44\" data-filename=\"IMG_2831.jpg\" data-slide-type=\"image\"><img loading=\"lazy\" decoding=\"async\" width=\"1280\" height=\"960\" src=\"https:\/\/www.krusche-online.de\/blog\/wp-content\/uploads\/2016\/04\/IMG_2831.jpg\" class=\"slider-784 slide-614 msDefaultImage\" alt=\"\" rel=\"\" title=\"\" style=\"margin-top: 12.5%\" srcset=\"https:\/\/www.krusche-online.de\/blog\/wp-content\/uploads\/2016\/04\/IMG_2831.jpg 1280w, https:\/\/www.krusche-online.de\/blog\/wp-content\/uploads\/2016\/04\/IMG_2831-300x225.jpg 300w, https:\/\/www.krusche-online.de\/blog\/wp-content\/uploads\/2016\/04\/IMG_2831-768x576.jpg 768w, https:\/\/www.krusche-online.de\/blog\/wp-content\/uploads\/2016\/04\/IMG_2831-1024x768.jpg 1024w\" sizes=\"auto, (max-width: 1280px) 100vw, 1280px\" \/><\/li>\n                <li style=\"display: none; width: 100%;\" class=\"slide-608 ms-image \" aria-roledescription=\"slide\" data-date=\"2016-04-08 17:27:36\" data-filename=\"IMG_0154.jpg\" data-slide-type=\"image\"><img loading=\"lazy\" decoding=\"async\" width=\"1280\" height=\"960\" src=\"https:\/\/www.krusche-online.de\/blog\/wp-content\/uploads\/2016\/04\/IMG_0154.jpg\" class=\"slider-784 slide-608 msDefaultImage\" alt=\"\" rel=\"\" title=\"\" style=\"margin-top: 12.5%\" srcset=\"https:\/\/www.krusche-online.de\/blog\/wp-content\/uploads\/2016\/04\/IMG_0154.jpg 1280w, https:\/\/www.krusche-online.de\/blog\/wp-content\/uploads\/2016\/04\/IMG_0154-300x225.jpg 300w, https:\/\/www.krusche-online.de\/blog\/wp-content\/uploads\/2016\/04\/IMG_0154-768x576.jpg 768w, https:\/\/www.krusche-online.de\/blog\/wp-content\/uploads\/2016\/04\/IMG_0154-1024x768.jpg 1024w\" sizes=\"auto, (max-width: 1280px) 100vw, 1280px\" \/><\/li>\n            <\/ul>\n        <\/div>\n        \n    <\/div>\n<\/div>\n","protected":false},"excerpt":{"rendered":"<p>Nach meiner Jugendzeit in Neumarkt und einigen Jahren in Eggenfelden und Sengenthal wurde dann Deining meine neue Heimat. 1072 erfolgte<\/p>\n","protected":false},"author":1,"featured_media":0,"parent":41,"menu_order":0,"comment_status":"closed","ping_status":"closed","template":"","meta":{"colormag_page_container_layout":"default_layout","colormag_page_sidebar_layout":"default_layout","footnotes":""},"class_list":["post-43","page","type-page","status-publish","hentry"],"_links":{"self":[{"href":"https:\/\/www.krusche-online.de\/blog\/wp-json\/wp\/v2\/pages\/43","targetHints":{"allow":["GET"]}}],"collection":[{"href":"https:\/\/www.krusche-online.de\/blog\/wp-json\/wp\/v2\/pages"}],"about":[{"href":"https:\/\/www.krusche-online.de\/blog\/wp-json\/wp\/v2\/types\/page"}],"author":[{"embeddable":true,"href":"https:\/\/www.krusche-online.de\/blog\/wp-json\/wp\/v2\/users\/1"}],"replies":[{"embeddable":true,"href":"https:\/\/www.krusche-online.de\/blog\/wp-json\/wp\/v2\/comments?post=43"}],"version-history":[{"count":0,"href":"https:\/\/www.krusche-online.de\/blog\/wp-json\/wp\/v2\/pages\/43\/revisions"}],"up":[{"embeddable":true,"href":"https:\/\/www.krusche-online.de\/blog\/wp-json\/wp\/v2\/pages\/41"}],"wp:attachment":[{"href":"https:\/\/www.krusche-online.de\/blog\/wp-json\/wp\/v2\/media?parent=43"}],"curies":[{"name":"wp","href":"https:\/\/api.w.org\/{rel}","templated":true}]}}