{"id":11,"date":"2018-05-28T20:40:28","date_gmt":"2018-05-28T18:40:28","guid":{"rendered":"https:\/\/www.krusche-online.de\/buero\/?page_id=11"},"modified":"2018-05-28T20:51:46","modified_gmt":"2018-05-28T18:51:46","slug":"leistungen","status":"publish","type":"page","link":"https:\/\/www.krusche-online.de\/buero\/leistungen\/","title":{"rendered":"Leistungen"},"content":{"rendered":"<p>Meine Aufgabe als Betreuer ist es, Menschen zu beraten, zu vertreten und zu unterst\u00fctzen, die krank, geistig oder k\u00f6rperlich behindert sind oder unter psychischen St\u00f6rungen leiden. Aufgrund ihrer Einschr\u00e4nkungen finden sich die Betroffenen in ihrem Leben oft nicht mehr zurecht. Sie vereinsamen, bezahlen ihre Rechnungen nicht, verschulden sich oder vers\u00e4umen Arzt- und Beh\u00f6rdentermine. Aus diesem Grund wird seitens des Amtsgerichts eine Betreuung f\u00fcr sie eingerichtet.<\/p>\n<p>Als Betreuer k\u00fcmmere ich mich um soziale und rechtliche Belange der Betroffenen und unterst\u00fctze sie auf ihrem Weg in ein selbst bestimmtes Leben. Wille und Wohl meiner Klient\/innen stehen f\u00fcr mich an erster Stelle \u2013 nach diesem Leitsatz handele und entscheide ich.<\/p>\n<p>Nicht zur Betreuung geh\u00f6ren: pflegerische T\u00e4tigkeiten, Fahrdienste, Einkaufen oder das Plauderst\u00fcndchen am Nachmittag.<\/p>\n<p>Gesetzlich geregelt ist, dass wir Betreuer pro Betreuungsfall ein fest gelegtes Zeitbudget zur Verf\u00fcgung haben. Im Mittel sind das drei Stunden im Monat. In dieser Zeit m\u00fcssen alle organisatorischen Aufgaben und die pers\u00f6nlichen Gespr\u00e4che mit Klient\/innen und den beteiligten Institutionen erfolgen.<\/p>\n<p>Ich gew\u00e4hrleiste<\/p>\n<ul>\n<li>pers\u00f6nliche Gespr\u00e4che auf Wunsch auch in der H\u00e4uslichkeit<\/li>\n<li>eine gemeinsame Erhebung und Einsch\u00e4tzung der gesundheitlichen, sozialen oder finanziellen Bedarfe<\/li>\n<li>Transparenz bei allen Entscheidungen und Handlungen<\/li>\n<li>Orientierung an den Lebensentw\u00fcrfen und W\u00fcnschen<\/li>\n<li>Zusammenarbeit auf der Basis von schriftlichen Vereinbarungen<\/li>\n<li>Kooperation mit Diensten, Fachleuten und Personen des pers\u00f6nlichen Umfelds<\/li>\n<li>Koordination und ggf. Kontrolle der Dienstleistungen auf der Grundlage von Vertr\u00e4gen und Vereinbarungen<\/li>\n<li>eine fachlich fundierte Unterst\u00fctzung in pflegerischen Angelegenheiten<\/li>\n<\/ul>\n","protected":false},"excerpt":{"rendered":"<p>Meine Aufgabe als Betreuer ist es, Menschen zu beraten, zu vertreten und zu unterst\u00fctzen, die krank, geistig oder k\u00f6rperlich behindert<\/p>\n","protected":false},"author":1,"featured_media":0,"parent":0,"menu_order":3,"comment_status":"closed","ping_status":"closed","template":"","meta":{"colormag_page_container_layout":"default_layout","colormag_page_sidebar_layout":"default_layout","footnotes":""},"class_list":["post-11","page","type-page","status-publish","hentry"],"_links":{"self":[{"href":"https:\/\/www.krusche-online.de\/buero\/wp-json\/wp\/v2\/pages\/11","targetHints":{"allow":["GET"]}}],"collection":[{"href":"https:\/\/www.krusche-online.de\/buero\/wp-json\/wp\/v2\/pages"}],"about":[{"href":"https:\/\/www.krusche-online.de\/buero\/wp-json\/wp\/v2\/types\/page"}],"author":[{"embeddable":true,"href":"https:\/\/www.krusche-online.de\/buero\/wp-json\/wp\/v2\/users\/1"}],"replies":[{"embeddable":true,"href":"https:\/\/www.krusche-online.de\/buero\/wp-json\/wp\/v2\/comments?post=11"}],"version-history":[{"count":1,"href":"https:\/\/www.krusche-online.de\/buero\/wp-json\/wp\/v2\/pages\/11\/revisions"}],"predecessor-version":[{"id":12,"href":"https:\/\/www.krusche-online.de\/buero\/wp-json\/wp\/v2\/pages\/11\/revisions\/12"}],"wp:attachment":[{"href":"https:\/\/www.krusche-online.de\/buero\/wp-json\/wp\/v2\/media?parent=11"}],"curies":[{"name":"wp","href":"https:\/\/api.w.org\/{rel}","templated":true}]}}